{"id":33,"date":"2020-04-15T13:46:38","date_gmt":"2020-04-15T11:46:38","guid":{"rendered":"https:\/\/www.abdeckvlies.info\/?page_id=33"},"modified":"2020-05-06T10:58:39","modified_gmt":"2020-05-06T08:58:39","slug":"schutzvlies","status":"publish","type":"page","link":"https:\/\/www.abdeckvlies.info\/?page_id=33","title":{"rendered":"Erosionsschutzmatte Envirofelt CO"},"content":{"rendered":"\n<div class=\"wp-block-image\"><figure class=\"alignright size-medium\"><img loading=\"lazy\" width=\"300\" height=\"225\" src=\"https:\/\/www.abdeckvlies.info\/index1.php\/wp-content\/uploads\/2020\/04\/Erosionsschutz-TenCate-2-300x225.png\" alt=\"\" class=\"wp-image-132\" srcset=\"https:\/\/www.abdeckvlies.info\/wp-content\/uploads\/2020\/04\/Erosionsschutz-TenCate-2-300x225.png 300w, https:\/\/www.abdeckvlies.info\/wp-content\/uploads\/2020\/04\/Erosionsschutz-TenCate-2.png 475w\" sizes=\"(max-width: 300px) 100vw, 300px\" \/><\/figure><\/div>\n\n\n\n<p>Envirofelt CO ist eine Erosionsschutzmatte aus 100 % nat\u00fcrlichen,  biologisch abbaubaren Kokosfasern. Der biologische Zersetzungsprozess  der Kokosfasern versorgt den Boden mit N\u00e4hrstoffen und erf\u00fcllt damit die  Funktion eines D\u00fcngers. Die Matte hat die n\u00f6tige  Festigkeit, um den Boden w\u00e4hrend der Anwachsphase stabil zu halten und  verhindert damit die Oberfl\u00e4chenerosion. <\/p>\n\n\n\n<h3>Produktvorteile und Anwendungsbereiche<\/h3>\n\n\n\n<p>Envirofelt CO verhindert die Oberfl\u00e4chenerosion an steilen B\u00f6schungen  und unterst\u00fctzt dadurch das Anwachsen der Begr\u00fcnung. Die Matte h\u00e4lt den  Humus zur\u00fcck und unterst\u00fctzt so die Pflanzen w\u00e4hrend der kritischen  Anwurzelungsphase. Durch den nat\u00fcrlichen Zersetzungsprozess der  Kokosfasern wird die Matte vom Boden absorpiert. Die Lebensdauer von bis zu  f\u00fcnf Jahren stellt eine ausreichende Anwachsphase sicher.<\/p>\n\n\n\n<h3>Vorteile auf einen Blick:<\/h3>\n\n\n\n<ul><li>Envirofelt CO verhindert eine Initialerosion des Bodens durch Niederschl\u00e4ge oder Wind.<\/li><li>Die Wasseraufnahme der Kokosfasern reduziert ein Austrocknen des Bodens.<\/li><li>TenCate Polyfelt\u00ae Envirofelt CO ist absolut umweltvertr\u00e4glich (100% biologisch abbaubar) und optisch ansprechend.<\/li><li>Die Stabilit\u00e4t des Bodens wird durch die Zugfestigkeit der Matte ausreichend gesichert.<\/li><li>Einfache Verlegung.<\/li><\/ul>\n\n\n\n<div class=\"wp-block-group\"><div class=\"wp-block-group__inner-container\">\n<figure class=\"wp-block-image\"><img loading=\"lazy\" width=\"720\" height=\"405\" src=\"https:\/\/www.abdeckvlies.info\/index1.php\/wp-content\/uploads\/2020\/04\/Erosionsschutz-TenCate-Geosynthetics.png\" alt=\"\" class=\"wp-image-134\" srcset=\"https:\/\/www.abdeckvlies.info\/wp-content\/uploads\/2020\/04\/Erosionsschutz-TenCate-Geosynthetics.png 720w, https:\/\/www.abdeckvlies.info\/wp-content\/uploads\/2020\/04\/Erosionsschutz-TenCate-Geosynthetics-300x169.png 300w\" sizes=\"(max-width: 720px) 100vw, 720px\" \/><figcaption>Kontaktieren sie uns f\u00fcr ein Angebot.<\/figcaption><\/figure>\n\n\n\n<figure class=\"wp-block-image is-resized\"><img loading=\"lazy\" src=\"https:\/\/www.abdeckvlies.info\/index1.php\/wp-content\/uploads\/2020\/04\/L-Drahtb\u00fcgel-401682-1024x768.jpg\" alt=\"\" class=\"wp-image-135\" width=\"475\" height=\"356\" srcset=\"https:\/\/www.abdeckvlies.info\/wp-content\/uploads\/2020\/04\/L-Drahtb\u00fcgel-401682-1024x768.jpg 1024w, https:\/\/www.abdeckvlies.info\/wp-content\/uploads\/2020\/04\/L-Drahtb\u00fcgel-401682-300x225.jpg 300w, https:\/\/www.abdeckvlies.info\/wp-content\/uploads\/2020\/04\/L-Drahtb\u00fcgel-401682-768x576.jpg 768w, https:\/\/www.abdeckvlies.info\/wp-content\/uploads\/2020\/04\/L-Drahtb\u00fcgel-401682-1536x1152.jpg 1536w, https:\/\/www.abdeckvlies.info\/wp-content\/uploads\/2020\/04\/L-Drahtb\u00fcgel-401682-2048x1537.jpg 2048w\" sizes=\"(max-width: 475px) 100vw, 475px\" \/><figcaption>Hacken f\u00fcr die Befestigung der Matten<\/figcaption><\/figure>\n<\/div><\/div>\n\n\n\n<div class=\"wp-block-file\"><a href=\"https:\/\/www.abdeckvlies.info\/index1.php\/wp-content\/uploads\/2020\/04\/Envirofelt-CO-Technical-Data-DE-502136.pdf\">Technische Daten und Einbaurichtlinien<\/a><a href=\"https:\/\/www.abdeckvlies.info\/index1.php\/wp-content\/uploads\/2020\/04\/Envirofelt-CO-Technical-Data-DE-502136.pdf\" class=\"wp-block-file__button\" download>Herunterladen<\/a><\/div>\n\n\n\n<p>Die Erosionschutzmatte gibt es auf Rollen mit 2m x 25m. N\u00e4heres im Datenblatt mit den technischen Daten und den Einbaurichtlinien.<\/p>\n\n\n\n<p>Fordern Sie hier ihr individuelles <a href=\"office@dienatur.at\">Angebot <\/a>an.<\/p>\n","protected":false},"excerpt":{"rendered":"<p>Envirofelt CO ist eine Erosionsschutzmatte aus 100 % nat\u00fcrlichen, biologisch abbaubaren Kokosfasern. Der biologische Zersetzungsprozess der Kokosfasern versorgt den Boden mit N\u00e4hrstoffen und erf\u00fcllt damit die Funktion eines D\u00fcngers. Die Matte hat die n\u00f6tige Festigkeit, um den Boden w\u00e4hrend der Anwachsphase stabil zu halten und verhindert damit die Oberfl\u00e4chenerosion. Produktvorteile und Anwendungsbereiche Envirofelt CO verhindert [&hellip;]<\/p>\n","protected":false},"author":1,"featured_media":0,"parent":0,"menu_order":0,"comment_status":"closed","ping_status":"closed","template":"","meta":{"gt_page_layout":"","gt_hide_page_title":false,"gt_remove_bottom_margin":false},"_links":{"self":[{"href":"https:\/\/www.abdeckvlies.info\/index.php?rest_route=\/wp\/v2\/pages\/33"}],"collection":[{"href":"https:\/\/www.abdeckvlies.info\/index.php?rest_route=\/wp\/v2\/pages"}],"about":[{"href":"https:\/\/www.abdeckvlies.info\/index.php?rest_route=\/wp\/v2\/types\/page"}],"author":[{"embeddable":true,"href":"https:\/\/www.abdeckvlies.info\/index.php?rest_route=\/wp\/v2\/users\/1"}],"replies":[{"embeddable":true,"href":"https:\/\/www.abdeckvlies.info\/index.php?rest_route=%2Fwp%2Fv2%2Fcomments&post=33"}],"version-history":[{"count":8,"href":"https:\/\/www.abdeckvlies.info\/index.php?rest_route=\/wp\/v2\/pages\/33\/revisions"}],"predecessor-version":[{"id":150,"href":"https:\/\/www.abdeckvlies.info\/index.php?rest_route=\/wp\/v2\/pages\/33\/revisions\/150"}],"wp:attachment":[{"href":"https:\/\/www.abdeckvlies.info\/index.php?rest_route=%2Fwp%2Fv2%2Fmedia&parent=33"}],"curies":[{"name":"wp","href":"https:\/\/api.w.org\/{rel}","templated":true}]}}