{"id":43,"date":"2020-04-15T13:45:59","date_gmt":"2020-04-15T11:45:59","guid":{"rendered":"https:\/\/www.abdeckvlies.info\/?page_id=43"},"modified":"2022-01-23T10:47:40","modified_gmt":"2022-01-23T09:47:40","slug":"kompostschutzvlies","status":"publish","type":"page","link":"https:\/\/www.abdeckvlies.info\/?page_id=43","title":{"rendered":"Kompostschutzvlies"},"content":{"rendered":"\n<p>Wasser abwei\u00dfend und atmungsaktiv f\u00fcr die Kompostierung.<\/p>\n\n\n\n<p class=\"has-text-color\" style=\"color:#1dc601\"> Vlies <a href=\"http:\/\/www.dienatur.at\">Online hier<\/a> bestellen.   <\/p>\n\n\n\n<div class=\"wp-block-media-text alignfull is-stacked-on-mobile is-vertically-aligned-bottom\" style=\"grid-template-columns:63% auto\"><figure class=\"wp-block-media-text__media\"><img src=\"https:\/\/www.abdeckvlies.info\/index1.php\/wp-content\/uploads\/2020\/04\/WorkshopUU17-Huemer_02-1024x714.jpg\" alt=\"\" class=\"wp-image-86 size-full\"\/><\/figure><div class=\"wp-block-media-text__content\">\n<p style=\"font-size:10px\">Offene Mietenkompostierung www.huemerkompost.at<br>perfekte Rottesteuerrung mit Abdeckvlies von Toptex <\/p>\n\n\n\n<p><\/p>\n<\/div><\/div>\n\n\n\n<p>Toptex Kompostschutzvlies ist ein wichtiger Bestandteil optimaler mikrobieller Kompostierung organischer Abf\u00e4lle f\u00fcr einen perfekten Aufbau von    vollwertigem Humus!<\/p>\n\n\n\n<div class=\"wp-block-group\"><div class=\"wp-block-group__inner-container\">\n<p><strong>Toptex<\/strong> ist ein atmungsaktives Vlies aus 100% unverrottbaren Polypropylen   Fasern.    <\/p>\n\n\n\n<p>Toptex ist:    <\/p>\n\n\n\n<div class=\"wp-block-group\"><div class=\"wp-block-group__inner-container\">\n<ul><li>umweltvertr\u00e4glich (keine Trinkwasserbeeinflussung)  <\/li><li>wiederverwertbar durch sortenreines PP   <\/li><li>chemisch best\u00e4ndig gegen S\u00e4uren und Laugen (pH = 2 bis 13)   <\/li><li>biologisch best\u00e4ndig gegen Mikroorganismen und Sickerw\u00e4sser   <\/li><li>frost-tau-best\u00e4ndig  <\/li><li>UV-best\u00e4ndig durch spezielle UV-Stabilisierung <\/li><li> 5 Jahre Lebensdauer (unter normalen Gebrauchsbedingungen; die  Lebensdauer wird verl\u00e4ngert, wenn das Vlies bei Nichtgebrauch vor  UV-Strahlung gesch\u00fctzt gelagert wird) <\/li><\/ul>\n<\/div><\/div>\n\n\n\n<p>Die Hauptvorteile von Toptex lassen sich wie folgt zusammenfassen:<\/p>\n\n\n\n<p>Toptex erh\u00e4lt die optimalen Feuchtigkeitsbedingungen, da es Niederschl\u00e4ge an der Oberfl\u00e4che anleitet und so die wertvollen Rohstoffe vor Austrocknung durch Sonne und Wind sch\u00fctzt.<\/p>\n\n\n\n<p>Toptex sichert \u00fcberdies den aeroben Rotteverlauf, da es den notwendigen Gasaustausch erm\u00f6glicht und so die optimalen Temperaturen auch in den Randschichten gew\u00e4hrleistet.<\/p>\n\n\n\n<p>Zus\u00e4tzlich minimiert eine sichere Abdeckung mit Toptex Sickerw\u00e4sser und N\u00e4hrstoffverluste im Kompostierungsprozess. Toptex leitet Niederschl\u00e4ge ab und minimiert dadurch die Sickersaftbildung und den Verlust von wertvollen N\u00e4hrstoffen.<\/p>\n\n\n\n<p>Ein weiterer Aspekt ist au\u00dferdem, dass die Toptex Schutzvliese Geruchsemissionen reduzieren k\u00f6nnen und so f\u00fcr einen optimierten Rotteverlauf mit einem Minimum an Emissionen sorgen.<\/p>\n\n\n\n<figure class=\"wp-block-gallery columns-3 is-cropped\"><ul class=\"blocks-gallery-grid\"><li class=\"blocks-gallery-item\"><figure><img loading=\"lazy\" width=\"1024\" height=\"768\" src=\"https:\/\/www.abdeckvlies.info\/wp-content\/uploads\/2020\/05\/Csardahof1-1024x768.jpg\" alt=\"\" data-id=\"155\" data-full-url=\"https:\/\/www.abdeckvlies.info\/wp-content\/uploads\/2020\/05\/Csardahof1.jpg\" data-link=\"https:\/\/www.abdeckvlies.info\/?attachment_id=155\" class=\"wp-image-155\" srcset=\"https:\/\/www.abdeckvlies.info\/wp-content\/uploads\/2020\/05\/Csardahof1-1024x768.jpg 1024w, https:\/\/www.abdeckvlies.info\/wp-content\/uploads\/2020\/05\/Csardahof1-300x225.jpg 300w, https:\/\/www.abdeckvlies.info\/wp-content\/uploads\/2020\/05\/Csardahof1-768x576.jpg 768w, https:\/\/www.abdeckvlies.info\/wp-content\/uploads\/2020\/05\/Csardahof1-1536x1152.jpg 1536w, https:\/\/www.abdeckvlies.info\/wp-content\/uploads\/2020\/05\/Csardahof1-2048x1536.jpg 2048w\" sizes=\"(max-width: 1024px) 100vw, 1024px\" \/><figcaption class=\"blocks-gallery-item__caption\">Bew\u00e4hrt<\/figcaption><\/figure><\/li><li class=\"blocks-gallery-item\"><figure><img loading=\"lazy\" width=\"1024\" height=\"690\" src=\"https:\/\/www.abdeckvlies.info\/wp-content\/uploads\/2020\/05\/18-1024x690.jpg\" alt=\"\" data-id=\"154\" data-full-url=\"https:\/\/www.abdeckvlies.info\/wp-content\/uploads\/2020\/05\/18.jpg\" data-link=\"https:\/\/www.abdeckvlies.info\/?attachment_id=154\" class=\"wp-image-154\" srcset=\"https:\/\/www.abdeckvlies.info\/wp-content\/uploads\/2020\/05\/18-1024x690.jpg 1024w, https:\/\/www.abdeckvlies.info\/wp-content\/uploads\/2020\/05\/18-300x202.jpg 300w, https:\/\/www.abdeckvlies.info\/wp-content\/uploads\/2020\/05\/18-768x517.jpg 768w, https:\/\/www.abdeckvlies.info\/wp-content\/uploads\/2020\/05\/18.jpg 1520w\" sizes=\"(max-width: 1024px) 100vw, 1024px\" \/><figcaption class=\"blocks-gallery-item__caption\">In \u00d6sterreich hergestellt<\/figcaption><\/figure><\/li><li class=\"blocks-gallery-item\"><figure><img loading=\"lazy\" width=\"1920\" height=\"2560\" src=\"https:\/\/www.abdeckvlies.info\/wp-content\/uploads\/2020\/04\/Rotteimpre.-tulnik-2016-IMG_2061-scaled-e1587043491454.jpg\" alt=\"\" data-id=\"105\" data-full-url=\"https:\/\/www.abdeckvlies.info\/wp-content\/uploads\/2020\/04\/Rotteimpre.-tulnik-2016-IMG_2061-scaled-e1587043491454.jpg\" data-link=\"https:\/\/www.abdeckvlies.info\/?attachment_id=105\" class=\"wp-image-105\"\/><figcaption class=\"blocks-gallery-item__caption\">Rotteimpression<\/figcaption><\/figure><\/li><\/ul><\/figure>\n\n\n\n<p>Das Toptex Kompostschutzvlies hat sich in vielen Kompostieranlagen weltweit bestens bew\u00e4hrt und geh\u00f6rt heute zum Standard moderner Kompostiertechnik. Viele moderne Umsetzger\u00e4te sind heute serienm\u00e4\u00dfig mit automatischen Auf- und Abrollrichtungen ausger\u00fcstet.<\/p>\n\n\n\n<p>Viele erfahrene Anwender verwenden das Toptex Kompostschutzvlies auch zur Abdeckung ihres wertvollsten Gutes: reifen Kompost! Es ist dies eine wirtschaftliche und einfach zu handhabende L\u00f6sung. Das Vlies erlaubt den Gasaustausch, sch\u00fctzt gegen Vern\u00e4ssung und h\u00e4lt den Kompost gleichbleibend feucht und kr\u00fcmelig. Toptex sch\u00fctzt auch gegen Samenanflug und andere Verunreinigungen. Toptex Schutzvliese erm\u00f6glichen dadurch eine effektive und wirtschaftliche Lagerung reifen Komposts im Freien.<\/p>\n\n\n\n<p>Das Toptex Kompostschutzvlies wird aus gr\u00fcnen Polypropylen-Endlosfasern in 200g\/m2 hergestellt und ist in folgenden Abmessungen verf\u00fcgbar:<\/p>\n\n\n\n<ul><li>4 x 50 m <\/li><li>5 x 50 m<\/li><li>6 x 50 m<\/li><\/ul>\n\n\n\n<p><a href=\"http:\/\/www.dienatur.at\/\">Online Bestellung<\/a><\/p>\n\n\n\n<div class=\"wp-block-file\"><a href=\"https:\/\/www.abdeckvlies.info\/wp-content\/uploads\/2022\/01\/2022-Bestellfax-Preise-Biomasse-und-Stroh-1.pdf\" target=\"_blank\" rel=\"noreferrer noopener\">2022-Bestellfax-Preise-Biomasse-und-Stroh-1<\/a><a href=\"https:\/\/www.abdeckvlies.info\/wp-content\/uploads\/2022\/01\/2022-Bestellfax-Preise-Biomasse-und-Stroh-1.pdf\" class=\"wp-block-file__button\" download>Herunterladen<\/a><\/div>\n\n\n\n<p>Bestellung Tel &#8211; 0043(0) 3135 &#8211; 51 087    <\/p>\n\n\n\n<p>Bestellung Fax &#8211; 0043(0) 3135 &#8211; 51 087 &#8211; 15<\/p>\n<\/div><\/div>\n\n\n\n<p><\/p>\n","protected":false},"excerpt":{"rendered":"<p>Wasser abwei\u00dfend und atmungsaktiv f\u00fcr die Kompostierung. Vlies Online hier bestellen. Offene Mietenkompostierung www.huemerkompost.atperfekte Rottesteuerrung mit Abdeckvlies von Toptex Toptex Kompostschutzvlies ist ein wichtiger Bestandteil optimaler mikrobieller Kompostierung organischer Abf\u00e4lle f\u00fcr einen perfekten Aufbau von vollwertigem Humus! Toptex ist ein atmungsaktives Vlies aus 100% unverrottbaren Polypropylen Fasern. Toptex ist: umweltvertr\u00e4glich (keine Trinkwasserbeeinflussung) wiederverwertbar durch sortenreines [&hellip;]<\/p>\n","protected":false},"author":1,"featured_media":0,"parent":0,"menu_order":0,"comment_status":"closed","ping_status":"closed","template":"","meta":{"gt_page_layout":"","gt_hide_page_title":false,"gt_remove_bottom_margin":false},"_links":{"self":[{"href":"https:\/\/www.abdeckvlies.info\/index.php?rest_route=\/wp\/v2\/pages\/43"}],"collection":[{"href":"https:\/\/www.abdeckvlies.info\/index.php?rest_route=\/wp\/v2\/pages"}],"about":[{"href":"https:\/\/www.abdeckvlies.info\/index.php?rest_route=\/wp\/v2\/types\/page"}],"author":[{"embeddable":true,"href":"https:\/\/www.abdeckvlies.info\/index.php?rest_route=\/wp\/v2\/users\/1"}],"replies":[{"embeddable":true,"href":"https:\/\/www.abdeckvlies.info\/index.php?rest_route=%2Fwp%2Fv2%2Fcomments&post=43"}],"version-history":[{"count":17,"href":"https:\/\/www.abdeckvlies.info\/index.php?rest_route=\/wp\/v2\/pages\/43\/revisions"}],"predecessor-version":[{"id":232,"href":"https:\/\/www.abdeckvlies.info\/index.php?rest_route=\/wp\/v2\/pages\/43\/revisions\/232"}],"wp:attachment":[{"href":"https:\/\/www.abdeckvlies.info\/index.php?rest_route=%2Fwp%2Fv2%2Fmedia&parent=43"}],"curies":[{"name":"wp","href":"https:\/\/api.w.org\/{rel}","templated":true}]}}