{"id":45,"date":"2020-04-15T13:47:11","date_gmt":"2020-04-15T11:47:11","guid":{"rendered":"https:\/\/www.abdeckvlies.info\/?page_id=45"},"modified":"2022-01-23T10:51:57","modified_gmt":"2022-01-23T09:51:57","slug":"strohschutzvlies","status":"publish","type":"page","link":"https:\/\/www.abdeckvlies.info\/?page_id=45","title":{"rendered":"Strohschutzvlies"},"content":{"rendered":"\n<p>Effektiver Schutz f\u00fcr Ihr Stroh,  Heuballen und Getreide<\/p>\n\n\n\n<figure class=\"wp-block-gallery columns-3 is-cropped\"><ul class=\"blocks-gallery-grid\"><li class=\"blocks-gallery-item\"><figure><img loading=\"lazy\" width=\"1024\" height=\"576\" src=\"https:\/\/www.abdeckvlies.info\/index1.php\/wp-content\/uploads\/2020\/04\/Feinschnitt_Feld_15072016.00_00_27_06.Standbild004-1024x576.jpg\" alt=\"\" data-id=\"110\" class=\"wp-image-110\" srcset=\"https:\/\/www.abdeckvlies.info\/wp-content\/uploads\/2020\/04\/Feinschnitt_Feld_15072016.00_00_27_06.Standbild004-1024x576.jpg 1024w, https:\/\/www.abdeckvlies.info\/wp-content\/uploads\/2020\/04\/Feinschnitt_Feld_15072016.00_00_27_06.Standbild004-300x169.jpg 300w, https:\/\/www.abdeckvlies.info\/wp-content\/uploads\/2020\/04\/Feinschnitt_Feld_15072016.00_00_27_06.Standbild004-768x432.jpg 768w, https:\/\/www.abdeckvlies.info\/wp-content\/uploads\/2020\/04\/Feinschnitt_Feld_15072016.00_00_27_06.Standbild004-1536x864.jpg 1536w, https:\/\/www.abdeckvlies.info\/wp-content\/uploads\/2020\/04\/Feinschnitt_Feld_15072016.00_00_27_06.Standbild004.jpg 1920w\" sizes=\"(max-width: 1024px) 100vw, 1024px\" \/><\/figure><\/li><li class=\"blocks-gallery-item\"><figure><img loading=\"lazy\" width=\"1024\" height=\"768\" src=\"https:\/\/www.abdeckvlies.info\/index1.php\/wp-content\/uploads\/2020\/04\/IMG_0476_AS-1024x768.jpg\" alt=\"\" data-id=\"111\" data-link=\"https:\/\/www.abdeckvlies.info\/index1.php\/?attachment_id=111\" class=\"wp-image-111\" srcset=\"https:\/\/www.abdeckvlies.info\/wp-content\/uploads\/2020\/04\/IMG_0476_AS-1024x768.jpg 1024w, https:\/\/www.abdeckvlies.info\/wp-content\/uploads\/2020\/04\/IMG_0476_AS-300x225.jpg 300w, https:\/\/www.abdeckvlies.info\/wp-content\/uploads\/2020\/04\/IMG_0476_AS-768x576.jpg 768w, https:\/\/www.abdeckvlies.info\/wp-content\/uploads\/2020\/04\/IMG_0476_AS-1536x1152.jpg 1536w, https:\/\/www.abdeckvlies.info\/wp-content\/uploads\/2020\/04\/IMG_0476_AS-2048x1536.jpg 2048w\" sizes=\"(max-width: 1024px) 100vw, 1024px\" \/><\/figure><\/li><li class=\"blocks-gallery-item\"><figure><img loading=\"lazy\" width=\"1024\" height=\"576\" src=\"https:\/\/www.abdeckvlies.info\/index1.php\/wp-content\/uploads\/2020\/04\/Feinschnitt_Feld_15072016.00_00_19_06.Standbild002-1024x576.jpg\" alt=\"\" data-id=\"113\" data-full-url=\"https:\/\/www.abdeckvlies.info\/index1.php\/wp-content\/uploads\/2020\/04\/Feinschnitt_Feld_15072016.00_00_19_06.Standbild002.jpg\" data-link=\"https:\/\/www.abdeckvlies.info\/index1.php\/?attachment_id=113\" class=\"wp-image-113\" srcset=\"https:\/\/www.abdeckvlies.info\/wp-content\/uploads\/2020\/04\/Feinschnitt_Feld_15072016.00_00_19_06.Standbild002-1024x576.jpg 1024w, https:\/\/www.abdeckvlies.info\/wp-content\/uploads\/2020\/04\/Feinschnitt_Feld_15072016.00_00_19_06.Standbild002-300x169.jpg 300w, https:\/\/www.abdeckvlies.info\/wp-content\/uploads\/2020\/04\/Feinschnitt_Feld_15072016.00_00_19_06.Standbild002-768x432.jpg 768w, https:\/\/www.abdeckvlies.info\/wp-content\/uploads\/2020\/04\/Feinschnitt_Feld_15072016.00_00_19_06.Standbild002-1536x864.jpg 1536w, https:\/\/www.abdeckvlies.info\/wp-content\/uploads\/2020\/04\/Feinschnitt_Feld_15072016.00_00_19_06.Standbild002.jpg 1920w\" sizes=\"(max-width: 1024px) 100vw, 1024px\" \/><\/figure><\/li><\/ul><\/figure>\n\n\n\n<p>\n\tStrohschutzvlies &#8211; TenCate Industrial Fabrics \n\n\n\n\n\n  \n\n<\/p>\n\n\n\n<p><strong>Das Toptex Schutzvlies f\u00fcr Stroh- und Heuballen gew\u00e4hrleistet die Au\u00dfenlagerung der Ernte auf best\u00e4ndig hohem Qualit\u00e4tsniveau w\u00e4hrend des ganzen Jahres.<\/strong><\/p>\n\n\n\n<p>Das Toptex Schutzvlies sch\u00fctzt Stroh- und Heuballen nicht nur vor Wind und Regen, sondern bietet gleichzeitig auch ausreichend Luftdurchl\u00e4ssigkeit um das Aufstauen von W\u00e4rme unter dem Vlies zu verhindern. Dadurch kann die hohe Erntequalit\u00e4t w\u00e4hrend der Wintermonate kontinuierlich erhalten werden, da die Miete sowohl nach Regen- als auch Schneef\u00e4llen schneller wieder abtrocknet und so die Bildung von Feuchtstellen oder Schimmel auf den Stroh- und Heuballen verhindert wird.<\/p>\n\n\n\n<p>Toptex Schutzvliese f\u00fcr Stroh-und Heuballen werden aus gr\u00fcnen 130g\/m2 Polypropylen-Endlosfasern in den folgenden Abmessungen hergestellt und in Einheiten (in Klammer) lieferbar:<\/p>\n\n\n\n<ul><li>9,8m x12,5m (4 Rollen im B\u00fcndel, einzeln im Karton oder 8 Karton pro Palette)<\/li><li>12m x25m (4 Rollen im B\u00fcndel oder 3 Karton auf Palette)<\/li><li>9.8m x25m (4 Rollen im B\u00fcndel oder 4 Karton auf Palette)<\/li><\/ul>\n\n\n\n<div class=\"wp-block-group\"><div class=\"wp-block-group__inner-container\">\n<figure class=\"wp-block-embed is-type-video is-provider-youtube wp-block-embed-youtube wp-embed-aspect-16-9 wp-has-aspect-ratio\"><div class=\"wp-block-embed__wrapper\">\n<iframe loading=\"lazy\" title=\"Strohschutz von dienatur.at\" width=\"800\" height=\"450\" src=\"https:\/\/www.youtube.com\/embed\/AWh0g8iTi_o?feature=oembed\" frameborder=\"0\" allow=\"accelerometer; autoplay; clipboard-write; encrypted-media; gyroscope; picture-in-picture\" allowfullscreen><\/iframe>\n<\/div><\/figure>\n<\/div><\/div>\n\n\n\n\n\n<div class=\"wp-block-group\"><div class=\"wp-block-group__inner-container\">\n<h2>Toptex Strohschutzvlies<\/h2>\n\n\n\n<p>Die Toptex Strohschutzvliese sch\u00fctzen Strohballen verl\u00e4sslich vor Wind-und Regeneinfl\u00fcssen. Durch die Luftdurchl\u00e4ssigkeit k\u00f6nnen die Ballen \u201eatmen\u201c und verbleiben so in bew\u00e4hrter Qualit\u00e4t. Die Anwendung sehen Sie hier im Toptex Produktvideo<\/p>\n<\/div><\/div>\n\n\n\n<div class=\"wp-block-file\"><a href=\"https:\/\/www.abdeckvlies.info\/wp-content\/uploads\/2022\/01\/2022-Bestellfax-Preise-Biomasse-und-Stroh-1.pdf\" target=\"_blank\" rel=\"noreferrer noopener\">2022-Bestellfax-Preise-Biomasse-und-Stroh-1<\/a><a href=\"https:\/\/www.abdeckvlies.info\/wp-content\/uploads\/2022\/01\/2022-Bestellfax-Preise-Biomasse-und-Stroh-1.pdf\" class=\"wp-block-file__button\" download>Herunterladen<\/a><\/div>\n\n\n\n<div class=\"wp-block-file\"><a href=\"https:\/\/www.abdeckvlies.info\/index1.php\/wp-content\/uploads\/2020\/04\/2018-Folder-Strohschutz_Vlies_dienatur_web.pdf\">Folder-Strohschutz_Vlies_dienatur<\/a><a href=\"https:\/\/www.abdeckvlies.info\/index1.php\/wp-content\/uploads\/2020\/04\/2018-Folder-Strohschutz_Vlies_dienatur_web.pdf\" class=\"wp-block-file__button\" download>Herunterladen<\/a><\/div>\n\n\n\n<div class=\"wp-block-file\"><a href=\"https:\/\/www.abdeckvlies.info\/index1.php\/wp-content\/uploads\/2020\/04\/2018-A4-Strohschutz_DE_502152_dienatur_Web.pdf\">Info A4-Strohschutz_dienatur<\/a><a href=\"https:\/\/www.abdeckvlies.info\/index1.php\/wp-content\/uploads\/2020\/04\/2018-A4-Strohschutz_DE_502152_dienatur_Web.pdf\" class=\"wp-block-file__button\" download>Herunterladen<\/a><\/div>\n\n\n\n<div class=\"wp-block-file\"><a href=\"https:\/\/www.abdeckvlies.info\/index1.php\/wp-content\/uploads\/2020\/04\/2018-Flugblatt-Strohschutz-Anwendung-DE_503188_dieNatur_web.pdf\">Anwendung_wieviele Ballen_dieNatur<\/a><a href=\"https:\/\/www.abdeckvlies.info\/index1.php\/wp-content\/uploads\/2020\/04\/2018-Flugblatt-Strohschutz-Anwendung-DE_503188_dieNatur_web.pdf\" class=\"wp-block-file__button\" download>Herunterladen<\/a><\/div>\n\n\n\n<figure class=\"wp-block-gallery columns-2 is-cropped\"><ul class=\"blocks-gallery-grid\"><li class=\"blocks-gallery-item\"><figure><img loading=\"lazy\" width=\"729\" height=\"1024\" src=\"https:\/\/www.abdeckvlies.info\/index1.php\/wp-content\/uploads\/2020\/04\/2018-Flugblatt-Strohschutz-Anwendung-DE_503188_dieNatur-729x1024.jpg\" alt=\"\" data-id=\"118\" data-link=\"https:\/\/www.abdeckvlies.info\/index1.php\/?attachment_id=118\" class=\"wp-image-118\" srcset=\"https:\/\/www.abdeckvlies.info\/wp-content\/uploads\/2020\/04\/2018-Flugblatt-Strohschutz-Anwendung-DE_503188_dieNatur-729x1024.jpg 729w, https:\/\/www.abdeckvlies.info\/wp-content\/uploads\/2020\/04\/2018-Flugblatt-Strohschutz-Anwendung-DE_503188_dieNatur-213x300.jpg 213w, https:\/\/www.abdeckvlies.info\/wp-content\/uploads\/2020\/04\/2018-Flugblatt-Strohschutz-Anwendung-DE_503188_dieNatur-768x1079.jpg 768w, https:\/\/www.abdeckvlies.info\/wp-content\/uploads\/2020\/04\/2018-Flugblatt-Strohschutz-Anwendung-DE_503188_dieNatur-1093x1536.jpg 1093w, https:\/\/www.abdeckvlies.info\/wp-content\/uploads\/2020\/04\/2018-Flugblatt-Strohschutz-Anwendung-DE_503188_dieNatur-1457x2048.jpg 1457w, https:\/\/www.abdeckvlies.info\/wp-content\/uploads\/2020\/04\/2018-Flugblatt-Strohschutz-Anwendung-DE_503188_dieNatur-scaled.jpg 1822w\" sizes=\"(max-width: 729px) 100vw, 729px\" \/><figcaption class=\"blocks-gallery-item__caption\">Wie viele Rollen brauche ich f\u00fcr meine Strohballen?<\/figcaption><\/figure><\/li><li class=\"blocks-gallery-item\"><figure><img loading=\"lazy\" width=\"669\" height=\"600\" src=\"https:\/\/www.abdeckvlies.info\/index1.php\/wp-content\/uploads\/2020\/04\/12-gebuendelte-vliesnaegel.jpg\" alt=\"\" data-id=\"119\" data-full-url=\"https:\/\/www.abdeckvlies.info\/index1.php\/wp-content\/uploads\/2020\/04\/12-gebuendelte-vliesnaegel.jpg\" data-link=\"https:\/\/www.abdeckvlies.info\/index1.php\/?attachment_id=119\" class=\"wp-image-119\" srcset=\"https:\/\/www.abdeckvlies.info\/wp-content\/uploads\/2020\/04\/12-gebuendelte-vliesnaegel.jpg 669w, https:\/\/www.abdeckvlies.info\/wp-content\/uploads\/2020\/04\/12-gebuendelte-vliesnaegel-300x269.jpg 300w\" sizes=\"(max-width: 669px) 100vw, 669px\" \/><figcaption class=\"blocks-gallery-item__caption\">Vliesn\u00e4gel zur Befestigung<\/figcaption><\/figure><\/li><\/ul><\/figure>\n\n\n\n<p class=\"has-medium-font-size\"><strong>REPARATUR- UND VERL\u00c4NGERUNGSBAND 25 M <\/strong><\/p>\n\n\n\n<p>Das <strong>Toptex<\/strong>\u00ae Klettband kann\nf\u00fcr folgende Anwendungen am Vlies angebracht werden:<\/p>\n\n\n\n<p><strong>Kleine Besch\u00e4digungen am\nVlies: <\/strong><\/p>\n\n\n\n<ul><li>L\u00f6cher <\/li><li>Risse <\/li><li>Nahtfehler <\/li><\/ul>\n\n\n\n<p><strong>Extra lange\nStrohballenmieten: <\/strong><\/p>\n\n\n\n<ul><li>Um mehrere Vliese\nsicher miteinander zu verbinden Das Klettband ist 25 m lang und kann vom\nAnwender selbst in die zur Anbringung ben\u00f6tigten Gr\u00f6\u00dfen geschnitten werden. <\/li><\/ul>\n\n\n\n<div class=\"wp-block-file\"><a href=\"https:\/\/www.abdeckvlies.info\/index1.php\/wp-content\/uploads\/2020\/04\/toptex_flyer.pdf\">Kletter_flyer<\/a><a href=\"https:\/\/www.abdeckvlies.info\/index1.php\/wp-content\/uploads\/2020\/04\/toptex_flyer.pdf\" class=\"wp-block-file__button\" download>Herunterladen<\/a><\/div>\n\n\n\n<figure class=\"wp-block-gallery columns-2 is-cropped\"><ul class=\"blocks-gallery-grid\"><li class=\"blocks-gallery-item\"><figure><img loading=\"lazy\" width=\"1024\" height=\"622\" src=\"https:\/\/www.abdeckvlies.info\/index1.php\/wp-content\/uploads\/2020\/04\/Kletter-auf-Vlies-1024x622.jpg\" alt=\"\" data-id=\"142\" class=\"wp-image-142\" srcset=\"https:\/\/www.abdeckvlies.info\/wp-content\/uploads\/2020\/04\/Kletter-auf-Vlies-1024x622.jpg 1024w, https:\/\/www.abdeckvlies.info\/wp-content\/uploads\/2020\/04\/Kletter-auf-Vlies-300x182.jpg 300w, https:\/\/www.abdeckvlies.info\/wp-content\/uploads\/2020\/04\/Kletter-auf-Vlies-768x467.jpg 768w, https:\/\/www.abdeckvlies.info\/wp-content\/uploads\/2020\/04\/Kletter-auf-Vlies.jpg 1414w\" sizes=\"(max-width: 1024px) 100vw, 1024px\" \/><\/figure><\/li><li class=\"blocks-gallery-item\"><figure><img loading=\"lazy\" width=\"855\" height=\"855\" src=\"https:\/\/www.abdeckvlies.info\/index1.php\/wp-content\/uploads\/2020\/04\/Kletterrolle.jpg\" alt=\"\" data-id=\"143\" data-full-url=\"https:\/\/www.abdeckvlies.info\/index1.php\/wp-content\/uploads\/2020\/04\/Kletterrolle.jpg\" data-link=\"https:\/\/www.abdeckvlies.info\/index1.php\/?attachment_id=143\" class=\"wp-image-143\" srcset=\"https:\/\/www.abdeckvlies.info\/wp-content\/uploads\/2020\/04\/Kletterrolle.jpg 855w, https:\/\/www.abdeckvlies.info\/wp-content\/uploads\/2020\/04\/Kletterrolle-300x300.jpg 300w, https:\/\/www.abdeckvlies.info\/wp-content\/uploads\/2020\/04\/Kletterrolle-150x150.jpg 150w, https:\/\/www.abdeckvlies.info\/wp-content\/uploads\/2020\/04\/Kletterrolle-768x768.jpg 768w\" sizes=\"(max-width: 855px) 100vw, 855px\" \/><\/figure><\/li><\/ul><figcaption class=\"blocks-gallery-caption\">F\u00fcr besonderst lange Mieten: Vliese mit Kletter fixieren und Vlies aneinanderreihen.<\/figcaption><\/figure>\n\n\n\n<p><\/p>\n","protected":false},"excerpt":{"rendered":"<p>Effektiver Schutz f\u00fcr Ihr Stroh, Heuballen und Getreide Strohschutzvlies &#8211; TenCate Industrial Fabrics Das Toptex Schutzvlies f\u00fcr Stroh- und Heuballen gew\u00e4hrleistet die Au\u00dfenlagerung der Ernte auf best\u00e4ndig hohem Qualit\u00e4tsniveau w\u00e4hrend des ganzen Jahres. Das Toptex Schutzvlies sch\u00fctzt Stroh- und Heuballen nicht nur vor Wind und Regen, sondern bietet gleichzeitig auch ausreichend Luftdurchl\u00e4ssigkeit um das Aufstauen [&hellip;]<\/p>\n","protected":false},"author":1,"featured_media":0,"parent":0,"menu_order":0,"comment_status":"closed","ping_status":"closed","template":"","meta":{"gt_page_layout":"","gt_hide_page_title":false,"gt_remove_bottom_margin":false},"_links":{"self":[{"href":"https:\/\/www.abdeckvlies.info\/index.php?rest_route=\/wp\/v2\/pages\/45"}],"collection":[{"href":"https:\/\/www.abdeckvlies.info\/index.php?rest_route=\/wp\/v2\/pages"}],"about":[{"href":"https:\/\/www.abdeckvlies.info\/index.php?rest_route=\/wp\/v2\/types\/page"}],"author":[{"embeddable":true,"href":"https:\/\/www.abdeckvlies.info\/index.php?rest_route=\/wp\/v2\/users\/1"}],"replies":[{"embeddable":true,"href":"https:\/\/www.abdeckvlies.info\/index.php?rest_route=%2Fwp%2Fv2%2Fcomments&post=45"}],"version-history":[{"count":11,"href":"https:\/\/www.abdeckvlies.info\/index.php?rest_route=\/wp\/v2\/pages\/45\/revisions"}],"predecessor-version":[{"id":234,"href":"https:\/\/www.abdeckvlies.info\/index.php?rest_route=\/wp\/v2\/pages\/45\/revisions\/234"}],"wp:attachment":[{"href":"https:\/\/www.abdeckvlies.info\/index.php?rest_route=%2Fwp%2Fv2%2Fmedia&parent=45"}],"curies":[{"name":"wp","href":"https:\/\/api.w.org\/{rel}","templated":true}]}}