{"id":93,"date":"2020-04-16T15:04:38","date_gmt":"2020-04-16T13:04:38","guid":{"rendered":"https:\/\/www.abdeckvlies.info\/index1.php\/?page_id=93"},"modified":"2020-05-26T10:17:41","modified_gmt":"2020-05-26T08:17:41","slug":"hackschnitzel-biomasseschutzvlies","status":"publish","type":"page","link":"https:\/\/www.abdeckvlies.info\/?page_id=93","title":{"rendered":"Hackschnitzel- Biomasseschutzvlies"},"content":{"rendered":"\n<p class=\"has-small-font-size\"><strong>Um eine optimale Energieausbeute aus den Hackschnitzeln zu  gew\u00e4hrleisten, ist ein m\u00f6glichst niedriger Wassergehalt notwendig. Ohne  wirkungsvolle, wasserabweisende und atmungsaktive Abdeckung- wie sie mit  den Schutzvliesen von Toptex erm\u00f6glicht werden- w\u00e4re dieses Ziel nur  mit einer kostenintensiven Hallenlagerung m\u00f6glich.<\/strong> <\/p>\n\n\n\n<figure class=\"wp-block-gallery columns-2 is-cropped\"><ul class=\"blocks-gallery-grid\"><li class=\"blocks-gallery-item\"><figure><img loading=\"lazy\" width=\"640\" height=\"480\" src=\"https:\/\/www.abdeckvlies.info\/index1.php\/wp-content\/uploads\/2020\/04\/Wadlhausen2.jpg\" alt=\"\" data-id=\"96\" data-full-url=\"https:\/\/www.abdeckvlies.info\/index1.php\/wp-content\/uploads\/2020\/04\/Wadlhausen2.jpg\" data-link=\"https:\/\/www.abdeckvlies.info\/index1.php\/?attachment_id=96\" class=\"wp-image-96\" srcset=\"https:\/\/www.abdeckvlies.info\/wp-content\/uploads\/2020\/04\/Wadlhausen2.jpg 640w, https:\/\/www.abdeckvlies.info\/wp-content\/uploads\/2020\/04\/Wadlhausen2-300x225.jpg 300w\" sizes=\"(max-width: 640px) 100vw, 640px\" \/><figcaption class=\"blocks-gallery-item__caption\">Hackgut gesch\u00fctzt mit Toptex Schutzvlies<\/figcaption><\/figure><\/li><li class=\"blocks-gallery-item\"><figure><img loading=\"lazy\" width=\"1024\" height=\"683\" src=\"https:\/\/www.abdeckvlies.info\/index1.php\/wp-content\/uploads\/2020\/04\/Test-abgedeckt-1024x683.jpg\" alt=\"\" data-id=\"95\" class=\"wp-image-95\" srcset=\"https:\/\/www.abdeckvlies.info\/wp-content\/uploads\/2020\/04\/Test-abgedeckt-1024x683.jpg 1024w, https:\/\/www.abdeckvlies.info\/wp-content\/uploads\/2020\/04\/Test-abgedeckt-300x200.jpg 300w, https:\/\/www.abdeckvlies.info\/wp-content\/uploads\/2020\/04\/Test-abgedeckt-768x512.jpg 768w, https:\/\/www.abdeckvlies.info\/wp-content\/uploads\/2020\/04\/Test-abgedeckt-1536x1025.jpg 1536w, https:\/\/www.abdeckvlies.info\/wp-content\/uploads\/2020\/04\/Test-abgedeckt.jpg 1802w\" sizes=\"(max-width: 1024px) 100vw, 1024px\" \/><figcaption class=\"blocks-gallery-item__caption\">Versuchshaufen nach Lagerung<\/figcaption><\/figure><\/li><\/ul><\/figure>\n\n\n\n<p>Das Toptex Schutzvlies f\u00fcr Hackschnitzel leitet Niederschlagsw\u00e4sser an der Oberfl\u00e4che des Vlieses ab, sodass die Hackschnitzel selbst bei starken Regenf\u00e4llen nicht vern\u00e4ssen (bei extremen Starkregen kann es ggf. zu kurzfristiger Durchfeuchtung kommen).<br>Das Toptex Schutzvlies ist \u00fcberdies atmungsaktiv und f\u00fchrt so dazu, dass die Hack-schnitzel schneller abtrocknen- die Feuchtigkeit, die durch die Eigenerw\u00e4rmung der Hackschnitzel entsteht, kann durch das Vlies diffundieren.<br> <\/p>\n\n\n\n<p>Durch eine konsequente Anwendung von Toptex Schutzvliesen zur sicheren Abdeckung von Hackschnitzeln ist daher eine l\u00e4ngerfristige Freilagerung m\u00f6glich, wodurch der Bau von aufw\u00e4ndigen und kostenintensiven Hallen vermieden werden kann.<br> Zus\u00e4tzlich sch\u00fctzt das Toptex Hackschnitzelvlies bei Wind auch Anrainer vor Staubentwicklung, da diese bei einer sicheren Abdeckung deutlich minimiert wird.<br> Die Toptex Schutzvliese k\u00f6nnen problemlos auf die ben\u00f6tigten Gr\u00f6\u00dfen zugeschnitten werden. Toptex besteht aus umweltfreundlichem Polypropylen und ist dadurch verrottungssicher. \u00dcberdies gew\u00e4hrleistet die UV-Stabilisierung eine bis zu f\u00fcnfj\u00e4hrige Einsatzzeit des Vlieses.<br> Die positive Wirkung des Toptex Schutzvlieses f\u00fcr Hackschnitzel wurde in einem Versuch der Bayrischen Landesanstalt f\u00fcr Wald-und Forstwirtschaft in Freising best\u00e4tigt.<br> Kurz gesagt: Toptex ist die wirtschaftliche L\u00f6sung f\u00fcr eine sichere Au\u00dfenlagerung der Hackschnitzel!<br> Das Toptex Schutzvlies f\u00fcr Hackschnitzel wird aus gr\u00fcnem Polypropylen-Endlosfasern in 200g\/m2 hergestellt und ist in folgenden Abmessungen verf\u00fcgbar:<\/p>\n\n\n\n<figure class=\"wp-block-table\"><table class=\"\"><tbody><tr><td>Ma\u00dfe<\/td><td>Rollenl\u00e4nge<\/td><td>Rollendurchmesser<\/td><td>Rollengewicht<\/td><\/tr><tr><td>4 m x 50 m<\/td><td> gefaltet auf 2 m<\/td><td>45 cm<\/td><td>ca. 40 kg<\/td><\/tr><tr><td>5 m x 50 m<\/td><td>gefaltet auf 2,5 m<\/td><td>50 cm<\/td><td>ca. 50 kg<\/td><\/tr><tr><td>6 m x 50 m<\/td><td>gefaltet auf 2,1 m<\/td><td>60 cm <\/td><td>ca. 60 kg<\/td><\/tr><\/tbody><\/table><\/figure>\n\n\n\n<div class=\"wp-block-file alignleft\"><a href=\"https:\/\/www.abdeckvlies.info\/index1.php\/wp-content\/uploads\/2020\/04\/Hackschnitzel-Trocknungsversuch-Wadlhausen.pdf\">Hackschnitzel-Trocknungsversuch-Wadlhausen<\/a><a href=\"https:\/\/www.abdeckvlies.info\/index1.php\/wp-content\/uploads\/2020\/04\/Hackschnitzel-Trocknungsversuch-Wadlhausen.pdf\" class=\"wp-block-file__button\" download>Herunterladen<\/a><\/div>\n\n\n\n\n\n<div class=\"wp-block-file\"><a href=\"https:\/\/www.abdeckvlies.info\/index1.php\/wp-content\/uploads\/2020\/04\/2018-TenCate_Toptex_Hackschnitzel_DE_502012_dienatur_web.pdf\">Prospekt Biomasseschutz, Hackschnitzel_DE_dienatur_web<\/a><a href=\"https:\/\/www.abdeckvlies.info\/index1.php\/wp-content\/uploads\/2020\/04\/2018-TenCate_Toptex_Hackschnitzel_DE_502012_dienatur_web.pdf\" class=\"wp-block-file__button\" download>Herunterladen<\/a><\/div>\n\n\n\n<p>Vlies <a href=\"http:\/\/www.dienatur.at\">Online hier<\/a> bestellen.<\/p>\n","protected":false},"excerpt":{"rendered":"<p>Um eine optimale Energieausbeute aus den Hackschnitzeln zu gew\u00e4hrleisten, ist ein m\u00f6glichst niedriger Wassergehalt notwendig. Ohne wirkungsvolle, wasserabweisende und atmungsaktive Abdeckung- wie sie mit den Schutzvliesen von Toptex erm\u00f6glicht werden- w\u00e4re dieses Ziel nur mit einer kostenintensiven Hallenlagerung m\u00f6glich. Das Toptex Schutzvlies f\u00fcr Hackschnitzel leitet Niederschlagsw\u00e4sser an der Oberfl\u00e4che des Vlieses ab, sodass die Hackschnitzel [&hellip;]<\/p>\n","protected":false},"author":1,"featured_media":0,"parent":0,"menu_order":0,"comment_status":"closed","ping_status":"closed","template":"","meta":{"gt_page_layout":"","gt_hide_page_title":false,"gt_remove_bottom_margin":false},"_links":{"self":[{"href":"https:\/\/www.abdeckvlies.info\/index.php?rest_route=\/wp\/v2\/pages\/93"}],"collection":[{"href":"https:\/\/www.abdeckvlies.info\/index.php?rest_route=\/wp\/v2\/pages"}],"about":[{"href":"https:\/\/www.abdeckvlies.info\/index.php?rest_route=\/wp\/v2\/types\/page"}],"author":[{"embeddable":true,"href":"https:\/\/www.abdeckvlies.info\/index.php?rest_route=\/wp\/v2\/users\/1"}],"replies":[{"embeddable":true,"href":"https:\/\/www.abdeckvlies.info\/index.php?rest_route=%2Fwp%2Fv2%2Fcomments&post=93"}],"version-history":[{"count":3,"href":"https:\/\/www.abdeckvlies.info\/index.php?rest_route=\/wp\/v2\/pages\/93\/revisions"}],"predecessor-version":[{"id":204,"href":"https:\/\/www.abdeckvlies.info\/index.php?rest_route=\/wp\/v2\/pages\/93\/revisions\/204"}],"wp:attachment":[{"href":"https:\/\/www.abdeckvlies.info\/index.php?rest_route=%2Fwp%2Fv2%2Fmedia&parent=93"}],"curies":[{"name":"wp","href":"https:\/\/api.w.org\/{rel}","templated":true}]}}